{"id":224,"date":"2022-03-27T16:00:02","date_gmt":"2022-03-27T14:00:02","guid":{"rendered":"http:\/\/jcwpmch.cluster031.hosting.ovh.net\/?page_id=224"},"modified":"2022-05-19T21:48:02","modified_gmt":"2022-05-19T19:48:02","slug":"contact","status":"publish","type":"page","link":"http:\/\/jcwpmch.cluster031.hosting.ovh.net\/index.php\/contact\/","title":{"rendered":"Contact"},"content":{"rendered":"<div id=\"pl-224\"  class=\"panel-layout\" ><div id=\"pg-224-0\"  class=\"panel-grid panel-has-style\" ><div class=\"siteorigin-panels-stretch panel-row-style panel-row-style-for-224-0\" style=\"background-image: url(http:\/\/jcwpmch.cluster031.hosting.ovh.net\/wp-content\/uploads\/2022\/05\/senior-woman-talking-with-black-doctor-in-hospice-PQRFRSD-scaled-1170x450-1.jpeg);background-size: cover;background-position: left top;padding-top: 250px; padding-bottom: 250px; \" data-stretch-type=\"full-stretched\" ><div id=\"pgc-224-0-0\"  class=\"panel-grid-cell panel-grid-cell-empty\" ><\/div><\/div><\/div><div id=\"pg-224-1\"  class=\"panel-grid panel-has-style\" ><div class=\"siteorigin-panels-stretch panel-row-style panel-row-style-for-224-1\" data-stretch-type=\"full-stretched\" ><div id=\"pgc-224-1-0\"  class=\"panel-grid-cell\" ><div class=\"panel-cell-style panel-cell-style-for-224-1-0\" ><div id=\"panel-224-1-0-0\" class=\"so-panel widget widget_black-studio-tinymce widget_black_studio_tinymce panel-first-child\" data-index=\"0\" ><div class=\"textwidget\"><h3><span style=\"color: #242424;\">Contactez-nous<\/span><\/h3>\n<p>Vous souhaitez avoir des informations g\u00e9n\u00e9rales sur le PTCE\u00a0: <b>contact@ptcelesamis.com<\/b>.<br \/>\nVous \u00eates un s\u00e9nior ou aidant et souhaitez avoir des renseignements sur les aides et autres d\u00e9marches : <b>silver@ptcelesamis.com<\/b>.<br \/>\nVous \u00eates un professionnel Silver Eco et souhaitez \u00eatre r\u00e9f\u00e9renc\u00e9 et\/ou faire partie de la dynamique : <b>acteursilvereco@ptcelesamis.com<\/b><\/p>\n<\/div><\/div><div id=\"panel-224-1-0-1\" class=\"so-panel widget widget_black-studio-tinymce widget_black_studio_tinymce panel-last-child\" data-index=\"1\" ><div class=\"panel-widget-style panel-widget-style-for-224-1-0-1\" ><div class=\"textwidget\"><p><div class=\"wpforms-container wpforms-container-full form_accueil\" id=\"wpforms-81\"><form id=\"wpforms-form-81\" class=\"wpforms-validate wpforms-form wpforms-ajax-form\" data-formid=\"81\" method=\"post\" enctype=\"multipart\/form-data\" action=\"\/index.php\/wp-json\/wp\/v2\/pages\/224\" data-token=\"6a968b41db0be56c712b04f85c3bef52\"><noscript class=\"wpforms-error-noscript\">Please enable JavaScript in your browser to complete this form.<\/noscript><div class=\"wpforms-field-container\"><div id=\"wpforms-81-field_0-container\" class=\"wpforms-field wpforms-field-name\" data-field-id=\"0\"><div class=\"wpforms-field-row wpforms-field-medium\"><div class=\"wpforms-field-row-block wpforms-first wpforms-one-half\"><input type=\"text\" id=\"wpforms-81-field_0\" class=\"wpforms-field-name-first wpforms-field-required\" name=\"wpforms[fields][0][first]\" placeholder=\"Pr\u00e9nom\" required><label for=\"wpforms-81-field_0\" class=\"wpforms-field-sublabel after wpforms-sublabel-hide\">First<\/label><\/div><div class=\"wpforms-field-row-block wpforms-one-half\"><input type=\"text\" id=\"wpforms-81-field_0-last\" class=\"wpforms-field-name-last wpforms-field-required\" name=\"wpforms[fields][0][last]\" placeholder=\"Nom\" required><label for=\"wpforms-81-field_0-last\" class=\"wpforms-field-sublabel after wpforms-sublabel-hide\">Last<\/label><\/div><\/div><\/div><div id=\"wpforms-81-field_4-container\" class=\"wpforms-field wpforms-field-number\" data-field-id=\"4\"><input type=\"number\" pattern=\"\\d*\" id=\"wpforms-81-field_4\" class=\"wpforms-field-medium\" name=\"wpforms[fields][4]\" placeholder=\"T\u00e9l\u00e9phone\" ><\/div><div id=\"wpforms-81-field_1-container\" class=\"wpforms-field wpforms-field-email\" data-field-id=\"1\"><input type=\"email\" id=\"wpforms-81-field_1\" class=\"wpforms-field-medium wpforms-field-required\" name=\"wpforms[fields][1]\" placeholder=\"Email\" required><\/div><div id=\"wpforms-81-field_2-container\" class=\"wpforms-field wpforms-field-textarea\" data-field-id=\"2\"><textarea id=\"wpforms-81-field_2\" class=\"wpforms-field-medium wpforms-field-required\" name=\"wpforms[fields][2]\" placeholder=\"Votre message\" required><\/textarea><\/div><\/div><div class=\"wpforms-submit-container\"><input type=\"hidden\" name=\"wpforms[id]\" value=\"81\"><input type=\"hidden\" name=\"wpforms[author]\" value=\"1\"><button type=\"submit\" name=\"wpforms[submit]\" id=\"wpforms-submit-81\" class=\"wpforms-submit\" data-alt-text=\"Envoi..\" data-submit-text=\"Envoyer le message\" aria-live=\"assertive\" value=\"wpforms-submit\">Envoyer le message<\/button><img loading=\"lazy\" decoding=\"async\" src=\"http:\/\/jcwpmch.cluster031.hosting.ovh.net\/wp-content\/plugins\/wpforms-lite\/assets\/images\/submit-spin.svg\" class=\"wpforms-submit-spinner\" style=\"display: none;\" width=\"26\" height=\"26\" alt=\"\"><\/div><\/form><\/div>  <!-- .wpforms-container --><\/p>\n<\/div><\/div><\/div><\/div><\/div><div id=\"pgc-224-1-1\"  class=\"panel-grid-cell\" ><div class=\"panel-cell-style panel-cell-style-for-224-1-1\" ><div id=\"panel-224-1-1-0\" class=\"so-panel widget widget_black-studio-tinymce widget_black_studio_tinymce panel-first-child\" data-index=\"2\" ><div class=\"panel-widget-style panel-widget-style-for-224-1-1-0\" ><div class=\"textwidget\"><h4><span style=\"color: #242424;\">PTCE LES AMIS DU BIEN VIEILLIR<\/span><\/h4>\n<p>Immeuble Meillet<br \/>\nRue de la Fraternit\u00e9, Rue Alexandre DUMAS<br \/>\n97118 SAINT-FRAN\u00c7OIS\u00a0<\/p>\n<h4><span style=\"color: #242424;\">T\u00e9l\u00e9phone<\/span><\/h4>\n<p><span style=\"font-family: Arial, serif;\">0590 69 68 68<\/span><\/p>\n<\/div><\/div><\/div><div id=\"panel-224-1-1-1\" class=\"so-panel widget widget_sow-editor panel-last-child\" data-index=\"3\" ><div class=\"so-widget-sow-editor so-widget-sow-editor-base\">\n<div class=\"siteorigin-widget-tinymce textwidget\">\n\t<p><iframe src=\"https:\/\/www.google.com\/maps\/embed?pb=!1m18!1m12!1m3!1d950.01910977227!2d-61.275335075004165!3d16.253274476153756!2m3!1f0!2f0!3f0!3m2!1i1024!2i768!4f13.1!3m3!1m2!1s0x0%3A0x4a799c168ae6d226!2zMTbCsDE1JzExLjUiTiA2McKwMTYnMzAuMCJX!5e0!3m2!1sfr!2sfr!4v1652987948741!5m2!1sfr!2sfr\" width=\"600\" height=\"450\" style=\"border:0;\" allowfullscreen=\"\" loading=\"lazy\" referrerpolicy=\"no-referrer-when-downgrade\"><\/iframe><\/p>\n<\/div>\n<\/div><\/div><\/div><\/div><\/div><\/div><\/div>","protected":false},"excerpt":{"rendered":"<p>Contactez-nous Vous souhaitez avoir des informations g\u00e9n\u00e9rales sur le PTCE\u00a0: contact@ptcelesamis.com. Vous \u00eates un s\u00e9nior ou aidant et souhaitez avoir des renseignements sur les aides et autres d\u00e9marches : silver@ptcelesamis.com. Vous \u00eates un professionnel Silver Eco et souhaitez \u00eatre r\u00e9f\u00e9renc\u00e9 et\/ou faire partie de la dynamique : acteursilvereco@ptcelesamis.com PTCE LES AMIS DU BIEN VIEILLIR Immeuble &hellip; <a href=\"http:\/\/jcwpmch.cluster031.hosting.ovh.net\/index.php\/contact\/\" title=\"Contact\" class=\"read-more\">Read More<\/a><\/p>\n","protected":false},"author":1,"featured_media":0,"parent":0,"menu_order":0,"comment_status":"closed","ping_status":"closed","template":"","meta":{"sfsi_plus_gutenberg_text_before_share":"","sfsi_plus_gutenberg_show_text_before_share":"","sfsi_plus_gutenberg_icon_type":"","sfsi_plus_gutenberg_icon_alignemt":"","sfsi_plus_gutenburg_max_per_row":"","footnotes":""},"class_list":["post-224","page","type-page","status-publish","hentry"],"yoast_head":"<!-- This site is optimized with the Yoast SEO plugin v18.5.1 - https:\/\/yoast.com\/wordpress\/plugins\/seo\/ -->\n<title>Contact - PTCE Les A.M.I.S du Bien Vieillir<\/title>\n<meta name=\"description\" content=\"Immeuble Meillet, Angle des rues de la Fraternit\u00e9 et Alexandre DUMAS - 97118 SAINT-FRAN\u00c7OIS T\u00e9l : 0590 69 68 68\" \/>\n<meta name=\"robots\" content=\"index, follow, max-snippet:-1, max-image-preview:large, max-video-preview:-1\" \/>\n<link rel=\"canonical\" href=\"http:\/\/jcwpmch.cluster031.hosting.ovh.net\/index.php\/contact\/\" \/>\n<meta property=\"og:locale\" content=\"en_US\" \/>\n<meta property=\"og:type\" content=\"article\" \/>\n<meta property=\"og:title\" content=\"Contacter le PTCE Les Amis du Bien-Vieillir\" \/>\n<meta property=\"og:description\" content=\"Immeuble Meillet, Angle des rues de la Fraternit\u00e9 et Alexandre DUMAS - 97118 SAINT-FRAN\u00c7OIS T\u00e9l : 0590 69 68 68\" \/>\n<meta property=\"og:url\" content=\"http:\/\/jcwpmch.cluster031.hosting.ovh.net\/index.php\/contact\/\" \/>\n<meta property=\"og:site_name\" content=\"PTCE Les A.M.I.S du Bien Vieillir\" \/>\n<meta property=\"article:modified_time\" content=\"2022-05-19T19:48:02+00:00\" \/>\n<meta property=\"og:image\" content=\"http:\/\/jcwpmch.cluster031.hosting.ovh.net\/wp-content\/uploads\/2022\/05\/contact.jpg\" \/>\n\t<meta property=\"og:image:width\" content=\"1100\" \/>\n\t<meta property=\"og:image:height\" content=\"507\" \/>\n\t<meta property=\"og:image:type\" content=\"image\/jpeg\" \/>\n<meta name=\"twitter:card\" content=\"summary_large_image\" \/>\n<meta name=\"twitter:title\" content=\"Contacter le PTCE Les Amis du Bien-Vieillir\" \/>\n<meta name=\"twitter:image\" content=\"http:\/\/jcwpmch.cluster031.hosting.ovh.net\/wp-content\/uploads\/2022\/05\/contact.jpg\" \/>\n<meta name=\"twitter:label1\" content=\"Est. reading time\" \/>\n\t<meta name=\"twitter:data1\" content=\"1 minute\" \/>\n<script type=\"application\/ld+json\" class=\"yoast-schema-graph\">{\"@context\":\"https:\/\/schema.org\",\"@graph\":[{\"@type\":\"WebSite\",\"@id\":\"http:\/\/jcwpmch.cluster031.hosting.ovh.net\/#website\",\"url\":\"http:\/\/jcwpmch.cluster031.hosting.ovh.net\/\",\"name\":\"PTCE Les A.M.I.S du Bien Vieillir\",\"description\":\"Un site utilisant WordPress\",\"potentialAction\":[{\"@type\":\"SearchAction\",\"target\":{\"@type\":\"EntryPoint\",\"urlTemplate\":\"http:\/\/jcwpmch.cluster031.hosting.ovh.net\/?s={search_term_string}\"},\"query-input\":\"required name=search_term_string\"}],\"inLanguage\":\"en-US\"},{\"@type\":\"ImageObject\",\"@id\":\"http:\/\/jcwpmch.cluster031.hosting.ovh.net\/index.php\/contact\/#primaryimage\",\"inLanguage\":\"en-US\",\"url\":\"http:\/\/jcwpmch.cluster031.hosting.ovh.net\/wp-content\/uploads\/2022\/05\/contact.jpg\",\"contentUrl\":\"http:\/\/jcwpmch.cluster031.hosting.ovh.net\/wp-content\/uploads\/2022\/05\/contact.jpg\",\"width\":1100,\"height\":507},{\"@type\":\"WebPage\",\"@id\":\"http:\/\/jcwpmch.cluster031.hosting.ovh.net\/index.php\/contact\/#webpage\",\"url\":\"http:\/\/jcwpmch.cluster031.hosting.ovh.net\/index.php\/contact\/\",\"name\":\"Contact - PTCE Les A.M.I.S du Bien Vieillir\",\"isPartOf\":{\"@id\":\"http:\/\/jcwpmch.cluster031.hosting.ovh.net\/#website\"},\"primaryImageOfPage\":{\"@id\":\"http:\/\/jcwpmch.cluster031.hosting.ovh.net\/index.php\/contact\/#primaryimage\"},\"datePublished\":\"2022-03-27T14:00:02+00:00\",\"dateModified\":\"2022-05-19T19:48:02+00:00\",\"description\":\"Immeuble Meillet, Angle des rues de la Fraternit\u00e9 et Alexandre DUMAS - 97118 SAINT-FRAN\u00c7OIS T\u00e9l : 0590 69 68 68\",\"breadcrumb\":{\"@id\":\"http:\/\/jcwpmch.cluster031.hosting.ovh.net\/index.php\/contact\/#breadcrumb\"},\"inLanguage\":\"en-US\",\"potentialAction\":[{\"@type\":\"ReadAction\",\"target\":[\"http:\/\/jcwpmch.cluster031.hosting.ovh.net\/index.php\/contact\/\"]}]},{\"@type\":\"BreadcrumbList\",\"@id\":\"http:\/\/jcwpmch.cluster031.hosting.ovh.net\/index.php\/contact\/#breadcrumb\",\"itemListElement\":[{\"@type\":\"ListItem\",\"position\":1,\"name\":\"Accueil\",\"item\":\"http:\/\/jcwpmch.cluster031.hosting.ovh.net\/\"},{\"@type\":\"ListItem\",\"position\":2,\"name\":\"Contact\"}]}]}<\/script>\n<!-- \/ Yoast SEO plugin. -->","yoast_head_json":{"title":"Contact - PTCE Les A.M.I.S du Bien Vieillir","description":"Immeuble Meillet, Angle des rues de la Fraternit\u00e9 et Alexandre DUMAS - 97118 SAINT-FRAN\u00c7OIS T\u00e9l : 0590 69 68 68","robots":{"index":"index","follow":"follow","max-snippet":"max-snippet:-1","max-image-preview":"max-image-preview:large","max-video-preview":"max-video-preview:-1"},"canonical":"http:\/\/jcwpmch.cluster031.hosting.ovh.net\/index.php\/contact\/","og_locale":"en_US","og_type":"article","og_title":"Contacter le PTCE Les Amis du Bien-Vieillir","og_description":"Immeuble Meillet, Angle des rues de la Fraternit\u00e9 et Alexandre DUMAS - 97118 SAINT-FRAN\u00c7OIS T\u00e9l : 0590 69 68 68","og_url":"http:\/\/jcwpmch.cluster031.hosting.ovh.net\/index.php\/contact\/","og_site_name":"PTCE Les A.M.I.S du Bien Vieillir","article_modified_time":"2022-05-19T19:48:02+00:00","og_image":[{"width":1100,"height":507,"url":"http:\/\/jcwpmch.cluster031.hosting.ovh.net\/wp-content\/uploads\/2022\/05\/contact.jpg","type":"image\/jpeg"}],"twitter_card":"summary_large_image","twitter_title":"Contacter le PTCE Les Amis du Bien-Vieillir","twitter_image":"http:\/\/jcwpmch.cluster031.hosting.ovh.net\/wp-content\/uploads\/2022\/05\/contact.jpg","twitter_misc":{"Est. reading time":"1 minute"},"schema":{"@context":"https:\/\/schema.org","@graph":[{"@type":"WebSite","@id":"http:\/\/jcwpmch.cluster031.hosting.ovh.net\/#website","url":"http:\/\/jcwpmch.cluster031.hosting.ovh.net\/","name":"PTCE Les A.M.I.S du Bien Vieillir","description":"Un site utilisant WordPress","potentialAction":[{"@type":"SearchAction","target":{"@type":"EntryPoint","urlTemplate":"http:\/\/jcwpmch.cluster031.hosting.ovh.net\/?s={search_term_string}"},"query-input":"required name=search_term_string"}],"inLanguage":"en-US"},{"@type":"ImageObject","@id":"http:\/\/jcwpmch.cluster031.hosting.ovh.net\/index.php\/contact\/#primaryimage","inLanguage":"en-US","url":"http:\/\/jcwpmch.cluster031.hosting.ovh.net\/wp-content\/uploads\/2022\/05\/contact.jpg","contentUrl":"http:\/\/jcwpmch.cluster031.hosting.ovh.net\/wp-content\/uploads\/2022\/05\/contact.jpg","width":1100,"height":507},{"@type":"WebPage","@id":"http:\/\/jcwpmch.cluster031.hosting.ovh.net\/index.php\/contact\/#webpage","url":"http:\/\/jcwpmch.cluster031.hosting.ovh.net\/index.php\/contact\/","name":"Contact - PTCE Les A.M.I.S du Bien Vieillir","isPartOf":{"@id":"http:\/\/jcwpmch.cluster031.hosting.ovh.net\/#website"},"primaryImageOfPage":{"@id":"http:\/\/jcwpmch.cluster031.hosting.ovh.net\/index.php\/contact\/#primaryimage"},"datePublished":"2022-03-27T14:00:02+00:00","dateModified":"2022-05-19T19:48:02+00:00","description":"Immeuble Meillet, Angle des rues de la Fraternit\u00e9 et Alexandre DUMAS - 97118 SAINT-FRAN\u00c7OIS T\u00e9l : 0590 69 68 68","breadcrumb":{"@id":"http:\/\/jcwpmch.cluster031.hosting.ovh.net\/index.php\/contact\/#breadcrumb"},"inLanguage":"en-US","potentialAction":[{"@type":"ReadAction","target":["http:\/\/jcwpmch.cluster031.hosting.ovh.net\/index.php\/contact\/"]}]},{"@type":"BreadcrumbList","@id":"http:\/\/jcwpmch.cluster031.hosting.ovh.net\/index.php\/contact\/#breadcrumb","itemListElement":[{"@type":"ListItem","position":1,"name":"Accueil","item":"http:\/\/jcwpmch.cluster031.hosting.ovh.net\/"},{"@type":"ListItem","position":2,"name":"Contact"}]}]}},"_links":{"self":[{"href":"http:\/\/jcwpmch.cluster031.hosting.ovh.net\/index.php\/wp-json\/wp\/v2\/pages\/224","targetHints":{"allow":["GET"]}}],"collection":[{"href":"http:\/\/jcwpmch.cluster031.hosting.ovh.net\/index.php\/wp-json\/wp\/v2\/pages"}],"about":[{"href":"http:\/\/jcwpmch.cluster031.hosting.ovh.net\/index.php\/wp-json\/wp\/v2\/types\/page"}],"author":[{"embeddable":true,"href":"http:\/\/jcwpmch.cluster031.hosting.ovh.net\/index.php\/wp-json\/wp\/v2\/users\/1"}],"replies":[{"embeddable":true,"href":"http:\/\/jcwpmch.cluster031.hosting.ovh.net\/index.php\/wp-json\/wp\/v2\/comments?post=224"}],"version-history":[{"count":27,"href":"http:\/\/jcwpmch.cluster031.hosting.ovh.net\/index.php\/wp-json\/wp\/v2\/pages\/224\/revisions"}],"predecessor-version":[{"id":465,"href":"http:\/\/jcwpmch.cluster031.hosting.ovh.net\/index.php\/wp-json\/wp\/v2\/pages\/224\/revisions\/465"}],"wp:attachment":[{"href":"http:\/\/jcwpmch.cluster031.hosting.ovh.net\/index.php\/wp-json\/wp\/v2\/media?parent=224"}],"curies":[{"name":"wp","href":"https:\/\/api.w.org\/{rel}","templated":true}]}}